{"id":2749,"date":"2025-02-11T18:14:52","date_gmt":"2025-02-11T17:14:52","guid":{"rendered":"https:\/\/aceleradora.es-factory.eu\/aviso-legal\/"},"modified":"2025-11-11T09:25:38","modified_gmt":"2025-11-11T08:25:38","slug":"aviso-legal","status":"publish","type":"page","link":"https:\/\/aceleradora.es-factory.eu\/gl\/aviso-legal\/","title":{"rendered":"Aviso legal"},"content":{"rendered":"\t\t<div data-elementor-type=\"wp-page\" data-elementor-id=\"2749\" class=\"elementor elementor-2749 elementor-2368\" data-elementor-post-type=\"page\">\n\t\t\t\t<div class=\"ob-is-pseudo elementor-element elementor-element-e4a4c80 e-con-full e-flex e-con e-parent\" data-id=\"e4a4c80\" data-element_type=\"container\" data-e-type=\"container\" data-settings=\"{&quot;background_background&quot;:&quot;classic&quot;,&quot;_ob_column_has_pseudo&quot;:&quot;yes&quot;,&quot;_ha_eqh_enable&quot;:false}\">\n\t\t\t\t<div class=\"elementor-element elementor-element-ae4dfb1 elementor-widget__width-auto elementor-widget elementor-widget-heading\" data-id=\"ae4dfb1\" data-element_type=\"widget\" data-e-type=\"widget\" data-widget_type=\"heading.default\">\n\t\t\t\t<div class=\"elementor-widget-container\">\n\t\t\t\t\t<h1 class=\"elementor-heading-title elementor-size-default\">Aviso legal<\/h1>\t\t\t\t<\/div>\n\t\t\t\t<\/div>\n\t\t\t\t<\/div>\n\t\t<div class=\"elementor-element elementor-element-4c1b46d6 e-flex e-con-boxed e-con e-parent\" data-id=\"4c1b46d6\" data-element_type=\"container\" data-e-type=\"container\" data-settings=\"{&quot;background_background&quot;:&quot;classic&quot;,&quot;_ha_eqh_enable&quot;:false,&quot;_ob_column_has_pseudo&quot;:&quot;no&quot;}\">\n\t\t\t\t\t<div class=\"e-con-inner\">\n\t\t\t\t<div class=\"elementor-element elementor-element-11a295e9 custom-text elementor-widget elementor-widget-text-editor\" data-id=\"11a295e9\" data-element_type=\"widget\" data-e-type=\"widget\" data-widget_type=\"text-editor.default\">\n\t\t\t\t<div class=\"elementor-widget-container\">\n\t\t\t\t\t\t\t\t\t<div><h3><strong>INFORMACI\u00d3N XERAL<\/strong><\/h3><p>A URL <a href=\"aceleradora.es-factory.es\">aceleradora.es-factory.es<\/a> do sitio web \u00e9 un dominio rexistrado pola Xunta de Galicia.<\/p><p>Esta p\u00e1xina ten un prop\u00f3sito informativo e de uso exclusivamente profesional, co obxectivo de facilitar ao p\u00fablico o co\u00f1ecemento dos produtos e dos servizos xur\u00eddicos ofrecidos. O acceso ao sitio web \u00e9, en principio, gratu\u00edto, a\u00ednda que a contrataci\u00f3n de produtos ou servizos a trav\u00e9s do sitio web pode estar suxeita a unha contraprestaci\u00f3n econ\u00f3mica.<\/p><p>O usuario comprom\u00e9tese a non utilizar o sitio web nin a informaci\u00f3n que proporciona para a realizaci\u00f3n de actividades contrarias \u00e1 lei, \u00e1 moral ou ao orden p\u00fablico, e a respectar as condici\u00f3ns de uso establecidas pola Xunta de Galicia.<\/p><h3><strong>PROPIEDADE INTELECTUAL E INDUSTRIAL<\/strong><\/h3><p>A Xunta de Galicia \u00e9 titular dos dereitos de propiedade intelectual sobre o contido deste sitio web, inclu\u00edndo, de maneira enunciativa e sen limitaci\u00f3ns, o dese\u00f1o gr\u00e1fico, os c\u00f3digos, as fontes, os textos, as imaxes, os v\u00eddeos, as marcas, os logotipos ou os signos distintivos.<\/p><p>Est\u00e1 prohibida a modificaci\u00f3n, copia, reproduci\u00f3n, descarga, transmisi\u00f3n, distribuci\u00f3n ou transformaci\u00f3n dos contidos do sitio web, se non se disp\u00f3n da autorizaci\u00f3n do titular dos correspondentes dereitos por escrito. En calquera caso, debe mencionarse o orixe do contido cando se use, as\u00ed como o seu autor.<\/p><p>A lesi\u00f3n, por parte de terceiros, dos dereitos de propiedade intelectual ou calquera outro dereito sobre o contido deste sitio web, titularidade da Xunta de Galicia, dar\u00e1 lugar \u00e1s responsabilidades legalmente establecidas.<\/p><h3><strong>CONTIDO WEB E ENLACES<\/strong><\/h3><p>A informaci\u00f3n contida neste sitio web pode non ser correcta. Por iso, a Xunta de Galicia non se fai responsable de calquera dano ou perda, directos ou indirectos, que poida ocasionar a exactitude, integridade ou veracidade desa informaci\u00f3n, as\u00ed como tampouco do uso por terceiros do contido deste sitio web, nin dos posibles erros no acceso a este. Ao mesmo tempo, a Xunta de Galicia res\u00e9rvase o dereito de suspender temporalmente a accesibilidade ao sitio web cando sexa necesario, sen necesidade de aviso previo.<\/p><p>O acceso a este sitio web \u00e9 responsabilidade exclusiva do usuario, e sup\u00f3n aceptar e co\u00f1ecer as advertencias legais, condici\u00f3ns e termos de uso contidos nel. A persoa usuaria garante a autenticidade e a veracidade dos datos que comunique, tanto ao cubrir os formularios de rexistro como en calquera outro momento, e ser\u00e1 responsabilidade s\u00faa a actualizaci\u00f3n da informaci\u00f3n subministrada, de tal forma que reflicta a s\u00faa situaci\u00f3n real. As\u00ed mesmo, ser\u00e1 responsable da inexactitude ou falta de veracidade da informaci\u00f3n proporcionada.<\/p><p>A persoa usuaria comprom\u00e9tese a facer un uso adecuado dos contidos e os servizos que a Xunta de Galicia ofrece a trav\u00e9s do seu portal e de maneira enunciativa, pero non limitativa, a non empregalos para ningunha destas acci\u00f3ns:<\/p><ul><li>incurrir en actividades il\u00edcitas, ilegais ou contrarias ao ben p\u00fablico e ao orden p\u00fablico;<\/li><li>difundir contidos ou propaganda de car\u00e1cter racista, xen\u00f3fobo, pornogr\u00e1fico-ilegal, de apolox\u00eda do terrorismo ou ataque contra os dereitos humanos;<\/li><li>causar danos aos sistemas f\u00edsicos e l\u00f3gicos da entidade de creaci\u00f3n do sitio web, aos seus provedores ou a terceiras persoas, e introducir ou difundir na rede virus inform\u00e1ticos, ou calquera outro sistema f\u00edsico ou l\u00f3gico susceptible de causar os danos mencionados;<\/li><li>intentar acceder e, no seu caso, utilizar as contas de correo electr\u00f3nico doutros usuarios e modificar ou manipular os seus mensaxes.<\/li><\/ul><p>A Xunta de Galicia res\u00e9rvase o dereito de retirar todos os comentarios e contribuci\u00f3ns que vulneren o respecto \u00e1 dignidade da persoa, que sexan discriminatorios, xen\u00f3fobos, racistas, pornogr\u00e1ficos, que atenten contra a xuventude ou a infancia, o orden ou a seguridade p\u00fablica ou que, a seu xu\u00edzo, non resulten adecuados para a s\u00faa publicaci\u00f3n.<\/p><p>En calquera caso, a Xunta de Galicia non ser\u00e1 responsable das opini\u00f3ns expresadas polas persoas usuarias a trav\u00e9s dos foros, chats ou outras ferramentas de participaci\u00f3n.<\/p><p>Este sitio web cont\u00e9n enlaces a p\u00e1xinas externas, cuxos contidos non son responsabilidade da Xunta de Galicia (polo que ser\u00e1 responsabilidade da persoa usuaria rexirse polos termos e condici\u00f3ns de utilizaci\u00f3n das p\u00e1xinas consultadas), como tampouco o \u00e9 nin do mal uso nin das actividades contrarias \u00e1 lei, \u00e1 moral ou ao orden p\u00fablico que realicen os usuarios nesas p\u00e1xinas.<\/p><p>Ao mesmo tempo, o establecemento de calquera hiperv\u00ednculo desde unha p\u00e1xina web deber\u00e1 efectuarse \u00e1 p\u00e1xina principal e quedar\u00e1 prohibida a reproduci\u00f3n total ou parcial dos servizos contidos no sitio web da entidade.<\/p><h3><strong>MODIFICACI\u00d3NS DOS T\u00c9RMINOS E CONDICI\u00d3NS DE USO. EXENCI\u00d3N DE RESPONSABILIDADE<\/strong><\/h3><p>As presentes condici\u00f3ns xerais e as particulares que eventualmente poidan establecerse, e coa redacci\u00f3n que presenten en cada momento, te\u00f1en unha duraci\u00f3n indefinida, e permanecer\u00e1n en vigor mentres o portal contin\u00fae activo. A Xunta de Galicia res\u00e9rvase, en todo caso, o dereito unilateral de modificar as condici\u00f3ns de acceso a estas, as\u00ed como o seu contido.<\/p><p>A persoa que accede ao sitio web acepta e est\u00e1 obrigada ao cumprimento das seguintes condici\u00f3ns de uso: comprom\u00e9tese a utilizar os servizos e informaci\u00f3ns que se ofrecen no sitio web na forma que se presentan, sen modificar os contidos e para o seu uso exclusivo, sen poder ceder en ningunha forma, nin notificalos a ningu\u00e9n e queda obrigada a utilizalos no seu propio e \u00fanico interese na forma que corresponde segundo a natureza dos contidos.<\/p><p>A persoa usuaria comprom\u00e9tese a empregar as s\u00faas chaves de acceso (nome e contrasinal) en exclusiva como titular destas, e a s\u00faa custodia, confidencialidade e correcta utilizaci\u00f3n son da s\u00faa responsabilidade. A Xunta de Galicia res\u00e9rvase o dereito a modificar estas condici\u00f3ns xerais en calquera momento e sen previo aviso, polo que o usuario est\u00e1 obrigado a revisar as presentes condici\u00f3ns xerais cada vez que acceda ao sitio web.<\/p><p>As persoas usuarias son conscientes e aceptan voluntariamente que o emprego da p\u00e1xina e dos servizos e os contidos ten lugar, en todo caso, baixo a s\u00faa \u00fanica e exclusiva responsabilidade.<\/p><p>A Xunta de Galicia queda exenta de calquera tipo de responsabilidade por danos e perdas de toda natureza nos seguintes casos, sen car\u00e1cter limitativo:<\/p><ul><li>Por a imposibilidade ou dificultade de conectarse \u00e1 rede de comunicaci\u00f3ns a trav\u00e9s da que resulta accesible este sitio web, independentemente da clase de conexi\u00f3n utilizada polo usuario.<\/li><li>Por a interrupci\u00f3n, suspensi\u00f3n ou cancelaci\u00f3n do acceso ao sitio web, as\u00ed como por dispo\u00f1ibilidade e continuidade do funcionamento do sitio ou dos seus servizos ou contidos, cando se deba ben \u00e1 interrupci\u00f3n do servizo polo mantemento t\u00e9cnico da web ou ben a unha causa allea ao \u00e1mbito de control da nosa empresa, xa provenga directa ou indirectamente desta.<\/li><li>Por a calidade ou rapidez de acceso ao sitio e polas condici\u00f3ns t\u00e9cnicas que deben reunir o usuario para poder acceder ao sitio e aos seus servizos ou contidos.<\/li><li>Por a existencia de virus ou outros elementos que poidan producir cambios no sistema inform\u00e1tico dos usuarios ou en documentos electr\u00f3nicos ou arquivos al\u00ed almacenados.<\/li><li>Por a perda que poida sufrir o usuario ou un terceiro como consecuencia de que outras persoas usen a s\u00faa contrasinal, tanto co seu co\u00f1ecemento como sen el.<\/li><\/ul><h3><strong>LEI E XURISDICI\u00d3N APLICABLES<\/strong><\/h3><p>As presentes condici\u00f3ns de uso r\u00e9xense pola lei espa\u00f1ola, polo que as partes deben someterse \u00e1 xurisdici\u00f3n dos xulgados e tribunais da cidade de Santiago de Compostela, no caso de disputa ou controversia relacionada coa aplicaci\u00f3n ou a interpretaci\u00f3n destas.<\/p><h3><strong>LITIXIOS EN L\u00cdNEA<\/strong><\/h3><p>En cumprimento co deber de informaci\u00f3n en materia de resoluci\u00f3n de litixios en li\u00f1a conforme ao art. 14.1 do Regulamento (UE) 524\/2013, informamos de que a Comisi\u00f3n Europea facilita unha plataforma de resoluci\u00f3n de litixios en li\u00f1a que se atopa \u00e1 s\u00faa disposici\u00f3n no seguinte enlace: <a href=\"aceleradora.es-factory.es\">aceleradora.es-factory.es<\/a><\/p><\/div>\t\t\t\t\t\t\t\t<\/div>\n\t\t\t\t<\/div>\n\t\t\t\t<div class=\"elementor-element elementor-element-e5fba87 elementor-hidden-desktop elementor-hidden-tablet elementor-hidden-mobile elementor-widget elementor-widget-html\" data-id=\"e5fba87\" data-element_type=\"widget\" data-e-type=\"widget\" data-widget_type=\"html.default\">\n\t\t\t\t<div class=\"elementor-widget-container\">\n\t\t\t\t\t<style>.custom-text {\n    padding: 0px;\n    \/*color: var(--e-global-color-primary );*\/\n    \/*background-color: var(--e-global-color-b28e45f );\n    border-style: solid;\n    border-width: 1px 1px 1px 1px;\n    border-color: #014D943B;\n    border-radius: 0px 0px 0px 0px;*\/\n    font-size: 16px;\n    \/*background-color: white;\n    border:2px solid var(--e-global-color-accent);\n    border-radius: 10px!important;*\/\n    padding: 30px;\n  background-color: var(--e-global-color-d40d4ac);\n   background-color: var(--e-global-color-a1d3fce);\n   background-color: var(--e-global-color-82d23c6);\n   background-color: white;\n  border: 2px dotted var(--e-global-color-accent);\n   border: 2px solid var(--e-global-color-ed45eb6);\n   border: 2px solid var(--e-global-color-82d23c6);;\n   border: 2px solid var(--e-global-color-secondary);\n    border-radius: 10px;\n}\n.custom-text a{\n    color: var( --e-global-color-primary );\n    font-weight: 600;\n}\n\/*\n.custom-text ol {\n      margin-bottom:20px;\n      font-weight:500;\n}\n.custom-text ol li {\n      color: var( --e-global-color-primary );\n}\n*\/\n.custom-text h3,\n.custom-text h2{\n  color: var( --e-global-color-text );\n  font-weight: 500!important;\n  color: var( --e-global-color-accent );\n  color: var(--e-global-color-primary);\n  font-size: 24px;\n  line-height: 1.3em;\n  text-transform: uppercase;\n}\n\n.custom-text h3:not(:first-of-type),\n.custom-text h2:not(:first-of-type) {\n  margin-top: 30px;\n}\n.custom-text ol,\n.custom-text ul {\n  display: block;\n  padding-top: 20px;\n  padding-bottom: 10px;\n  padding-right: 20px;\n  padding-left: 40px;\n  flex-direction: row;\n  align-items: center;\n  font-weight: 500;\n  justify-content: start;\n  background: #F1F2F8;\n  background-color: var(--e-global-color-d40d4ac);\n   background-color: var(--e-global-color-a1d3fce);\n   background-color: var(--e-global-color-82d23c6);\n      background-color: var(--e-global-color-fbb2ff2);\n      background-color: var(--e-global-color-33beea4);\n   \/*background-color: white;*\/\n  border: 2px dotted var(--e-global-color-accent);\n   border: 2px solid var(--e-global-color-82d23c6);\n   border: 2px solid var(--e-global-color-secondary);\n   \/*border: 2px solid var(--e-global-color-ed45eb6);\n   border: 2px solid var(--e-global-color-82d23c6);*\/\n\/*background: linear-gradient(90deg, rgba(255,255,255,1) 0%, rgba(222,236,253,1) 100%);*\/\n  margin-top: 20px;\n  margin-bottom: 20px;\n  border-radius: 10px!important;\n}\n.custom-text ol li::marker,\n.custom-text ul li::marker{\n    color: var( --e-global-color-secondary );\n    color: var(--e-global-color-ed45eb6);\n}\n.custom-text ol li,\n.custom-text ul li {\n  font-size: 16px!important;\n  margin: 0;\n  list-style:none;\n  list-style-type: square;\n  padding: 0 .2em; \/* indentation + .5em *\/\n  line-height: 1.2em; \/* default list item's `line-height` *\/\n  margin-bottom: 1em;\n  position: relative;\n  \/*color: var( --e-global-color-primary );*\/\n}\n.custom-text ol li:before,\n.custom-text ul li:before {\n    content:\"\";\n    top:0;\n    left:-20px;\n    position: absolute;\n    display: flex;\n    height: 100%;\n    \/*border-left:3px solid var( --e-global-color-primary );*\/\n}\n\n<\/style>\t\t\t\t<\/div>\n\t\t\t\t<\/div>\n\t\t\t\t<div class=\"elementor-element elementor-element-14addd3b elementor-hidden-desktop elementor-hidden-tablet elementor-hidden-mobile elementor-widget elementor-widget-html\" data-id=\"14addd3b\" data-element_type=\"widget\" data-e-type=\"widget\" data-widget_type=\"html.default\">\n\t\t\t\t<div class=\"elementor-widget-container\">\n\t\t\t\t\t<style>table {\n      width: 100%;\n      border-collapse: collapse;\n      margin: 20px 0;\n      font-size: 13px;\n      font-family: Arial, sans-serif;\n      background-color: var(--e-global-color-351fcf3);\n      border-radius: 8px;\n      overflow: hidden;\n  }\n\n  thead {\n      background-color: var(--e-global-color-primary);\n      color: #ffffff;\n  }\n\n  thead th {\n      padding: 15px 20px;\n      text-transform: uppercase;\n      font-weight: bold;\n      text-align: center; \/* Centrar el texto en la cabecera *\/\n      white-space: nowrap; \/* Evita que el texto se divida en varias l\u00edneas *\/\n      overflow: hidden;\n      text-overflow: ellipsis; \/* Muestra \"...\" si el texto es demasiado largo *\/\n  }\n\n  tbody tr {\n      border-bottom: 1px solid var(--e-global-color-49608b4);\n      background-color: transparent; \/* Fondo transparente por defecto *\/\n  }\n\n  tbody tr:nth-of-type(even) {\n      background-color: var(--e-global-color-351fcf3);\n  }\n\n  tbody tr:hover {\n      cursor: pointer;\n  }\n\n  tbody td {\n      padding: 12px 15px;\n      text-align: center; \/* Centrar contenido en las celdas *\/\n  }\n\n  tbody td:first-child {\n      font-weight: bold; \/* Resalta la primera columna *\/\n  }\n\n  a.external-link {\n      color: var(--e-global-color-secondary);\n      text-decoration: none;\n  }\n\n  a.external-link:hover {\n      text-decoration: underline;\n  }\n<\/style>\t\t\t\t<\/div>\n\t\t\t\t<\/div>\n\t\t\t\t\t<\/div>\n\t\t\t\t<\/div>\n\t\t\t\t<\/div>\n\t\t","protected":false},"excerpt":{"rendered":"<p>INFORMACI\u00d3N XERAL A URL aceleradora.es-factory.es do sitio web \u00e9 un dominio rexistrado pola Xunta de Galicia. Esta p\u00e1xina ten un prop\u00f3sito informativo e de uso exclusivamente profesional, co obxectivo de facilitar ao p\u00fablico o co\u00f1ecemento dos produtos e dos servizos xur\u00eddicos ofrecidos. O acceso ao sitio web \u00e9, en principio, gratu\u00edto, a\u00ednda que a contrataci\u00f3n [&hellip;]<\/p>\n","protected":false},"author":3,"featured_media":0,"parent":0,"menu_order":0,"comment_status":"closed","ping_status":"closed","template":"","meta":{"footnotes":""},"class_list":["post-2749","page","type-page","status-publish","hentry"],"_links":{"self":[{"href":"https:\/\/aceleradora.es-factory.eu\/gl\/wp-json\/wp\/v2\/pages\/2749","targetHints":{"allow":["GET"]}}],"collection":[{"href":"https:\/\/aceleradora.es-factory.eu\/gl\/wp-json\/wp\/v2\/pages"}],"about":[{"href":"https:\/\/aceleradora.es-factory.eu\/gl\/wp-json\/wp\/v2\/types\/page"}],"author":[{"embeddable":true,"href":"https:\/\/aceleradora.es-factory.eu\/gl\/wp-json\/wp\/v2\/users\/3"}],"replies":[{"embeddable":true,"href":"https:\/\/aceleradora.es-factory.eu\/gl\/wp-json\/wp\/v2\/comments?post=2749"}],"version-history":[{"count":0,"href":"https:\/\/aceleradora.es-factory.eu\/gl\/wp-json\/wp\/v2\/pages\/2749\/revisions"}],"wp:attachment":[{"href":"https:\/\/aceleradora.es-factory.eu\/gl\/wp-json\/wp\/v2\/media?parent=2749"}],"curies":[{"name":"wp","href":"https:\/\/api.w.org\/{rel}","templated":true}]}}