{"id":2753,"date":"2025-02-11T17:38:59","date_gmt":"2025-02-11T16:38:59","guid":{"rendered":"https:\/\/aceleradora.es-factory.eu\/politica-de-cookies\/"},"modified":"2025-11-11T09:27:53","modified_gmt":"2025-11-11T08:27:53","slug":"politica-de-cookies","status":"publish","type":"page","link":"https:\/\/aceleradora.es-factory.eu\/gl\/politica-de-cookies\/","title":{"rendered":"Pol\u00edtica de Cookies"},"content":{"rendered":"\t\t<div data-elementor-type=\"wp-page\" data-elementor-id=\"2753\" class=\"elementor elementor-2753 elementor-2329\" data-elementor-post-type=\"page\">\n\t\t\t\t<div class=\"ob-is-pseudo elementor-element elementor-element-e4a4c80 e-con-full e-flex e-con e-parent\" data-id=\"e4a4c80\" data-element_type=\"container\" data-e-type=\"container\" data-settings=\"{&quot;background_background&quot;:&quot;classic&quot;,&quot;_ob_column_has_pseudo&quot;:&quot;yes&quot;,&quot;_ha_eqh_enable&quot;:false}\">\n\t\t\t\t<div class=\"elementor-element elementor-element-ae4dfb1 elementor-widget__width-auto elementor-widget elementor-widget-heading\" data-id=\"ae4dfb1\" data-element_type=\"widget\" data-e-type=\"widget\" data-widget_type=\"heading.default\">\n\t\t\t\t<div class=\"elementor-widget-container\">\n\t\t\t\t\t<h1 class=\"elementor-heading-title elementor-size-default\">Pol\u00edtica de Cookies<\/h1>\t\t\t\t<\/div>\n\t\t\t\t<\/div>\n\t\t\t\t<\/div>\n\t\t<div class=\"elementor-element elementor-element-4c1b46d6 e-flex e-con-boxed e-con e-parent\" data-id=\"4c1b46d6\" data-element_type=\"container\" data-e-type=\"container\" data-settings=\"{&quot;background_background&quot;:&quot;classic&quot;,&quot;_ha_eqh_enable&quot;:false,&quot;_ob_column_has_pseudo&quot;:&quot;no&quot;}\">\n\t\t\t\t\t<div class=\"e-con-inner\">\n\t\t\t\t<div class=\"elementor-element elementor-element-11a295e9 custom-text elementor-widget elementor-widget-text-editor\" data-id=\"11a295e9\" data-element_type=\"widget\" data-e-type=\"widget\" data-widget_type=\"text-editor.default\">\n\t\t\t\t<div class=\"elementor-widget-container\">\n\t\t\t\t\t\t\t\t\t<p>Con base no previsto no Considerando 30 do Regulamento (UE) 2016\/679 do Parlamento Europeo e do Consello, de 27 de abril de 2016, relativo \u00e1 protecci\u00f3n das persoas f\u00edsicas no que respecta ao tratamento de datos persoais e \u00e1 libre circulaci\u00f3n destes datos (RGPD), inform\u00e1moslle de que a empresa utiliza cookies coas finalidades que se detallan na presente Pol\u00edtica de Cookies.<\/p><h2>\u00bfQU\u00c9 SON AS COOKIES?<\/h2><p>As cookies son arquivos de texto que conti\u00f1en pequenas cantidades de informaci\u00f3n que se descargan no seu ordenador ou dispositivo m\u00f3bil cando o Usuario visita un sitio web. As cookies env\u00edanse de volta ao sitio web orixinal en cada visita posterior, ou a outro sitio web que as reco\u00f1eza. As cookies poden realizar diferentes funci\u00f3ns como permitir navegar entre as p\u00e1xinas de maneira eficiente, lembrando as s\u00faas preferencias e, en xeral, mellorar a navegaci\u00f3n do usuario.<\/p><h2>\u00bfC\u00d3MO SE CLASIFICAN AS COOKIES?<\/h2><p>Segundo distintos criterios de clasificaci\u00f3n, as cookies p\u00f3dense clasificar nos seguintes tipos:<\/p><p><strong>Segundo o emisor das Cookies:<\/strong><\/p><ul><li>Cookies propias: Son aquelas que se env\u00edan ao equipo terminal do usuario desde un equipo ou dominio xestionado polo propio editor do sitio web e desde o que se presta o servizo solicitado polo usuario.<\/li><li>Cookies de terceiros: Son aquelas que se env\u00edan ao equipo terminal do usuario desde un equipo ou dominio que non \u00e9 xestionado polo editor do sitio web, sen\u00f3n por outra entidade que trata os datos obtidos a trav\u00e9s das cookies.<\/li><\/ul><p><strong>Segundo o ciclo de vida das Cookies:<\/strong><\/p><ul><li>Cookies de sesi\u00f3n: Son cookies temporais que permanecen no arquivo de cookies do seu navegador ata que abandone a p\u00e1xina web, polo que ningunha queda rexistrada no disco duro do usuario. A informaci\u00f3n obtida por medio destas cookies serve para analizar pautas de tr\u00e1fico na web. Isto permite proporcionar unha mellor experiencia para mellorar o contido e facilitar o seu uso.<\/li><li>Cookies permanentes: Son almacenadas no disco duro e o sitio web l\u00e9eas cada vez que o usuario realiza unha nova visita. Unha cookie permanente pos\u00fae unha data de caducidade determinada. A cookie deixar\u00e1 de funcionar despois desa data. Util\u00edzanse para facilitar os servizos de compra e rexistro.<\/li><\/ul><p>Seg\u00fan a finalidade para a que se usan as Cookies:<\/p><ul><li>Cookies t\u00e9cnicas: Son aquelas que permiten ao usuario a navegaci\u00f3n a trav\u00e9s dunha p\u00e1xina web, plataforma ou aplicaci\u00f3n e a utilizaci\u00f3n das diferentes opci\u00f3ns ou servizos que nela existan como, por exemplo, controlar o tr\u00e1fico e a comunicaci\u00f3n de datos, identificar a sesi\u00f3n, acceder a partes de acceso restrinxido, lembrar os elementos que integran un pedido, realizar o proceso de compra dun pedido, realizar a solicitude de inscrici\u00f3n ou participaci\u00f3n nun evento, utilizar elementos de seguridade durante a navegaci\u00f3n, almacenar contidos para a difusi\u00f3n de v\u00eddeos ou son ou compartir contidos a trav\u00e9s de redes sociais.<\/li><li>Cookies de personalizaci\u00f3n ou preferencias: Son aquelas que permiten ao usuario acceder ao servizo con algunhas caracter\u00edsticas de car\u00e1cter xeral predefinidas en funci\u00f3n dunha serie de criterios no terminal do usuario como, por exemplo, o idioma, o tipo de navegador a trav\u00e9s do cal accede ao servizo, a configuraci\u00f3n rexional desde onde accede ao servizo, etc.<\/li><li>Cookies de an\u00e1lise: Son aquelas que permiten ao responsable destas, o seguimento e an\u00e1lise do comportamento dos usuarios dos sitios web aos que est\u00e1n vinculadas. A informaci\u00f3n recollida mediante este tipo de cookies util\u00edzase na medici\u00f3n da actividade dos sitios web, aplicaci\u00f3n ou plataforma e para a elaboraci\u00f3n de perf\u00eds de navegaci\u00f3n dos usuarios de ditos sitios, aplicaci\u00f3ns e plataformas, co fin de introducir melloras en funci\u00f3n do an\u00e1lise dos datos de uso que fan os usuarios do servizo.<\/li><li>Cookies publicitarias: Son aquelas que permiten a xesti\u00f3n dos espazos publicitarios que, no seu caso, o editor inclu\u00edu nunha p\u00e1xina web, aplicaci\u00f3n ou plataforma desde a que presta o servizo solicitado en base a criterios como o contido editado ou a frecuencia na que se mostran os anuncios.<\/li><li>Cookies de publicidade comportamental: Son aquelas que permiten a xesti\u00f3n dos espazos publicitarios que o editor inclu\u00edu nunha p\u00e1xina web, aplicaci\u00f3n ou plataforma desde a que presta o servizo solicitado. Estas cookies almacenan informaci\u00f3n do comportamento dos usuarios obtida a trav\u00e9s da observaci\u00f3n continuada dos seus h\u00e1bitos de navegaci\u00f3n, o que permite desenvolver un perfil espec\u00edfico para mostrar publicidade en funci\u00f3n deste.<\/li><\/ul><p>Utilizamos <strong>Cookies t\u00e9cnicas<\/strong> que permiten ao usuario a navegaci\u00f3n a trav\u00e9s do sitio web e a utilizaci\u00f3n das diferentes opci\u00f3ns ou servizos, inclu\u00edndo aqueles que utilizamos para permitir a xesti\u00f3n e operativa da p\u00e1xina web e habilitar as s\u00faas funci\u00f3ns e servizos, como, por exemplo, controlar o tr\u00e1fico e a comunicaci\u00f3n de datos, identificar a sesi\u00f3n ou acceder a partes de acceso restrinxido.<\/p><p>As\u00ed mesmo, utilizamos <strong>Cookies anal\u00edticas ou estat\u00edsticas<\/strong> co fin de cuantificar o n\u00famero de usuarios e visitantes e as\u00ed realizar a medici\u00f3n e an\u00e1lise estat\u00edstica da utilizaci\u00f3n que fan os usuarios do servizo ofrecido a trav\u00e9s do noso sitio web. Para isto anal\u00edzase a s\u00faa navegaci\u00f3n na nosa p\u00e1xina web co fin de mellorar a oferta de produtos ou servizos que lle ofrecemos. No caso das cookies de Google Analytics, esta empresa almacena as cookies en servidores situados nos Estados Unidos e comprom\u00e9tese a non compartilas con terceiros, ag\u00e1s nos casos nos que sexa necesario para o funcionamento do sistema ou cando a lei obrigue a tal efecto. Pode consultar aqu\u00ed as medidas adoptadas por <a href=\"https:\/\/business.safety.google\/adsdatatransfers\/?sjid=13561737921736504952-EU\" target=\"_blank\" rel=\"noopener\">Pol\u00edtica sobre transferencia internacional de datos de Google.<\/a> E no seguinte enlace, pode acceder \u00e1 <a href=\"https:\/\/policies.google.com\/privacy\" target=\"_blank\" rel=\"noopener\">Pol\u00edtica de Privacidade de Google.<\/a><\/p>\t\t\t\t\t\t\t\t<\/div>\n\t\t\t\t<\/div>\n\t\t\t\t<div class=\"elementor-element elementor-element-e5fba87 elementor-hidden-desktop elementor-hidden-tablet elementor-hidden-mobile elementor-widget elementor-widget-html\" data-id=\"e5fba87\" data-element_type=\"widget\" data-e-type=\"widget\" data-widget_type=\"html.default\">\n\t\t\t\t<div class=\"elementor-widget-container\">\n\t\t\t\t\t<style>.custom-text {\n    padding: 0px;\n    \/*color: var(--e-global-color-primary );*\/\n    \/*background-color: var(--e-global-color-b28e45f );\n    border-style: solid;\n    border-width: 1px 1px 1px 1px;\n    border-color: #014D943B;\n    border-radius: 0px 0px 0px 0px;*\/\n    font-size: 16px;\n    \/*background-color: white;\n    border:2px solid var(--e-global-color-accent);\n    border-radius: 10px!important;*\/\n    padding: 30px;\n  background-color: var(--e-global-color-d40d4ac);\n   background-color: var(--e-global-color-a1d3fce);\n   background-color: var(--e-global-color-82d23c6);\n   background-color: white;\n  border: 2px dotted var(--e-global-color-accent);\n   border: 2px solid var(--e-global-color-ed45eb6);\n   border: 2px solid var(--e-global-color-82d23c6);;\n   border: 2px solid var(--e-global-color-secondary);\n    border-radius: 10px;\n}\n.custom-text a{\n    color: var( --e-global-color-primary );\n    font-weight: 600;\n}\n\/*\n.custom-text ol {\n      margin-bottom:20px;\n      font-weight:500;\n}\n.custom-text ol li {\n      color: var( --e-global-color-primary );\n}\n*\/\n.custom-text h3,\n.custom-text h2{\n  color: var( --e-global-color-text );\n  font-weight: 500!important;\n  color: var( --e-global-color-accent );\n  color: var(--e-global-color-primary);\n  font-size: 24px;\n  line-height: 1.3em;\n  text-transform: uppercase;\n}\n\n.custom-text h3:not(:first-of-type),\n.custom-text h2:not(:first-of-type) {\n  margin-top: 30px;\n}\n.custom-text ol,\n.custom-text ul {\n  display: block;\n  padding-top: 20px;\n  padding-bottom: 10px;\n  padding-right: 20px;\n  padding-left: 40px;\n  flex-direction: row;\n  align-items: center;\n  font-weight: 500;\n  justify-content: start;\n  background: #F1F2F8;\n  background-color: var(--e-global-color-d40d4ac);\n   background-color: var(--e-global-color-a1d3fce);\n   background-color: var(--e-global-color-82d23c6);\n      background-color: var(--e-global-color-fbb2ff2);\n      background-color: var(--e-global-color-33beea4);\n   \/*background-color: white;*\/\n  border: 2px dotted var(--e-global-color-accent);\n   border: 2px solid var(--e-global-color-82d23c6);\n   border: 2px solid var(--e-global-color-secondary);\n   \/*border: 2px solid var(--e-global-color-ed45eb6);\n   border: 2px solid var(--e-global-color-82d23c6);*\/\n\/*background: linear-gradient(90deg, rgba(255,255,255,1) 0%, rgba(222,236,253,1) 100%);*\/\n  margin-top: 20px;\n  margin-bottom: 20px;\n  border-radius: 10px!important;\n}\n.custom-text ol li::marker,\n.custom-text ul li::marker{\n    color: var( --e-global-color-secondary );\n    color: var(--e-global-color-ed45eb6);\n}\n.custom-text ol li,\n.custom-text ul li {\n  font-size: 16px!important;\n  margin: 0;\n  list-style:none;\n  list-style-type: square;\n  padding: 0 .2em; \/* indentation + .5em *\/\n  line-height: 1.2em; \/* default list item's `line-height` *\/\n  margin-bottom: 1em;\n  position: relative;\n  \/*color: var( --e-global-color-primary );*\/\n}\n.custom-text ol li:before,\n.custom-text ul li:before {\n    content:\"\";\n    top:0;\n    left:-20px;\n    position: absolute;\n    display: flex;\n    height: 100%;\n    \/*border-left:3px solid var( --e-global-color-primary );*\/\n}\n\n<\/style>\t\t\t\t<\/div>\n\t\t\t\t<\/div>\n\t\t\t\t<div class=\"elementor-element elementor-element-14addd3b elementor-hidden-desktop elementor-hidden-tablet elementor-hidden-mobile elementor-widget elementor-widget-html\" data-id=\"14addd3b\" data-element_type=\"widget\" data-e-type=\"widget\" data-widget_type=\"html.default\">\n\t\t\t\t<div class=\"elementor-widget-container\">\n\t\t\t\t\t<style>table {\n      width: 100%;\n      border-collapse: collapse;\n      margin: 20px 0;\n      font-size: 13px;\n      font-family: Arial, sans-serif;\n      background-color: var(--e-global-color-351fcf3);\n      border-radius: 8px;\n      overflow: hidden;\n  }\n\n  thead {\n      background-color: var(--e-global-color-primary);\n      color: #ffffff;\n  }\n\n  thead th {\n      padding: 15px 20px;\n      text-transform: uppercase;\n      font-weight: bold;\n      text-align: center; \/* Centrar el texto en la cabecera *\/\n      white-space: nowrap; \/* Evita que el texto se divida en varias l\u00edneas *\/\n      overflow: hidden;\n      text-overflow: ellipsis; \/* Muestra \"...\" si el texto es demasiado largo *\/\n  }\n\n  tbody tr {\n      border-bottom: 1px solid var(--e-global-color-49608b4);\n      background-color: transparent; \/* Fondo transparente por defecto *\/\n  }\n\n  tbody tr:nth-of-type(even) {\n      background-color: var(--e-global-color-351fcf3);\n  }\n\n  tbody tr:hover {\n      cursor: pointer;\n  }\n\n  tbody td {\n      padding: 12px 15px;\n      text-align: center; \/* Centrar contenido en las celdas *\/\n  }\n\n  tbody td:first-child {\n      font-weight: bold; \/* Resalta la primera columna *\/\n  }\n\n  a.external-link {\n      color: var(--e-global-color-secondary);\n      text-decoration: none;\n  }\n\n  a.external-link:hover {\n      text-decoration: underline;\n  }\n<\/style>\t\t\t\t<\/div>\n\t\t\t\t<\/div>\n\t\t\t\t\t<\/div>\n\t\t\t\t<\/div>\n\t\t\t\t<\/div>\n\t\t","protected":false},"excerpt":{"rendered":"<p>Con base no previsto no Considerando 30 do Regulamento (UE) 2016\/679 do Parlamento Europeo e do Consello, de 27 de abril de 2016, relativo \u00e1 protecci\u00f3n das persoas f\u00edsicas no que respecta ao tratamento de datos persoais e \u00e1 libre circulaci\u00f3n destes datos (RGPD), inform\u00e1moslle de que a empresa utiliza cookies coas finalidades que se [&hellip;]<\/p>\n","protected":false},"author":3,"featured_media":0,"parent":0,"menu_order":0,"comment_status":"closed","ping_status":"closed","template":"","meta":{"footnotes":""},"class_list":["post-2753","page","type-page","status-publish","hentry"],"_links":{"self":[{"href":"https:\/\/aceleradora.es-factory.eu\/gl\/wp-json\/wp\/v2\/pages\/2753","targetHints":{"allow":["GET"]}}],"collection":[{"href":"https:\/\/aceleradora.es-factory.eu\/gl\/wp-json\/wp\/v2\/pages"}],"about":[{"href":"https:\/\/aceleradora.es-factory.eu\/gl\/wp-json\/wp\/v2\/types\/page"}],"author":[{"embeddable":true,"href":"https:\/\/aceleradora.es-factory.eu\/gl\/wp-json\/wp\/v2\/users\/3"}],"replies":[{"embeddable":true,"href":"https:\/\/aceleradora.es-factory.eu\/gl\/wp-json\/wp\/v2\/comments?post=2753"}],"version-history":[{"count":0,"href":"https:\/\/aceleradora.es-factory.eu\/gl\/wp-json\/wp\/v2\/pages\/2753\/revisions"}],"wp:attachment":[{"href":"https:\/\/aceleradora.es-factory.eu\/gl\/wp-json\/wp\/v2\/media?parent=2753"}],"curies":[{"name":"wp","href":"https:\/\/api.w.org\/{rel}","templated":true}]}}